{"id":198,"date":"2013-11-21T15:00:12","date_gmt":"2013-11-21T13:00:12","guid":{"rendered":"http:\/\/www.selekta-abbruch.de\/selektwp\/?page_id=198"},"modified":"2020-08-26T15:29:44","modified_gmt":"2020-08-26T13:29:44","slug":"kontakt","status":"publish","type":"page","link":"https:\/\/www.selekta-abbruch.de\/selektwp\/?page_id=198","title":{"rendered":"Kontakt"},"content":{"rendered":"<h5>Sie sind interessiert und m\u00f6chten mit uns in Verbindung treten?<\/h5>\n<p>Dann senden Sie uns bitte eine E-Mail oder rufen Sie uns an. Unser Tipp: Ein kurzes pers\u00f6nliches Telefonat sparte jede Menge Zeit und kl\u00e4rt viele Dinge schneller als viele E-Mails das k\u00f6nnen. Wir freuen uns auf Ihren Anruf! Ihr Team von Selekta-Abbruch<\/p>\n","protected":false},"excerpt":{"rendered":"<p>Sie sind interessiert und m\u00f6chten mit uns in Verbindung treten? Dann senden Sie uns bitte eine E-Mail oder rufen Sie uns an. Unser Tipp: Ein kurzes pers\u00f6nliches Telefonat sparte jede Menge Zeit und kl\u00e4rt&#46;&#46;&#46;<\/p>\n","protected":false},"author":1,"featured_media":0,"parent":0,"menu_order":0,"comment_status":"closed","ping_status":"closed","template":"","meta":[],"_links":{"self":[{"href":"https:\/\/www.selekta-abbruch.de\/selektwp\/index.php?rest_route=\/wp\/v2\/pages\/198"}],"collection":[{"href":"https:\/\/www.selekta-abbruch.de\/selektwp\/index.php?rest_route=\/wp\/v2\/pages"}],"about":[{"href":"https:\/\/www.selekta-abbruch.de\/selektwp\/index.php?rest_route=\/wp\/v2\/types\/page"}],"author":[{"embeddable":true,"href":"https:\/\/www.selekta-abbruch.de\/selektwp\/index.php?rest_route=\/wp\/v2\/users\/1"}],"replies":[{"embeddable":true,"href":"https:\/\/www.selekta-abbruch.de\/selektwp\/index.php?rest_route=%2Fwp%2Fv2%2Fcomments&post=198"}],"version-history":[{"count":2,"href":"https:\/\/www.selekta-abbruch.de\/selektwp\/index.php?rest_route=\/wp\/v2\/pages\/198\/revisions"}],"predecessor-version":[{"id":898,"href":"https:\/\/www.selekta-abbruch.de\/selektwp\/index.php?rest_route=\/wp\/v2\/pages\/198\/revisions\/898"}],"wp:attachment":[{"href":"https:\/\/www.selekta-abbruch.de\/selektwp\/index.php?rest_route=%2Fwp%2Fv2%2Fmedia&parent=198"}],"curies":[{"name":"wp","href":"https:\/\/api.w.org\/{rel}","templated":true}]}}