{"id":2,"date":"2013-11-19T10:20:19","date_gmt":"2013-11-19T10:20:19","guid":{"rendered":"http:\/\/www.selekta-abbruch.de\/selektwp\/?page_id=2"},"modified":"2016-10-23T12:48:50","modified_gmt":"2016-10-23T10:48:50","slug":"beispiel-seite","status":"publish","type":"page","link":"https:\/\/www.selekta-abbruch.de\/selektwp\/","title":{"rendered":"Wir schaffen Platz f\u00fcr Neues"},"content":{"rendered":"<p>Selekta wurde im Jahre 1997 gegr\u00fcndet, \u00a02003 in Selekta GmbH &amp; Co KG umfirmiert und erzielt heute ca. 2,5 Millionen Euro Umsatz pro Jahr. Mit 30 gewerblichen Mitarbeitern und \u00a05 angestellten Mitarbeitern f\u00fchren wir bundesweit Auftr\u00e4ge bei Entkernung, Schadstoffsanierung und Industrier\u00fcckbau aus.<\/p>\n<p><strong>Selekta steht f\u00fcr Fachkompetenz, Erfahrung, Zuverl\u00e4ssigkeit und Flexibilit\u00e4t.<\/strong><\/p>\n<p>Wir sind Spezialisten f\u00fcr Schadstoffsanierung, (Fachbetrieb &#8220;Asbestsanierung&#8221;), Entkernung von Industrie- und Gewerbebauten, Abbruch und Entkernung von Altbauten unter Denkmalschutz, Demontage von Fertigteilelementen und R\u00fcckbau von Industrieanlagen.<\/p>\n<p>Dabei setzen wir folgende Technik ein: HILTI Abbruchger\u00e4te 5-30 kg, Minibagger mit Hammer, Brokk Abbruchroboter, Hydraulische handgef\u00fchrte Zangen und Spaltger\u00e4te,\u00a0 Unterdruckhalteger\u00e4te UHG 600-6000m\u00b3\/h, Personal- u. Materialschleusen, Oszillierende Messer.<\/p>\n<p>Selekta ist Mitglied im Abbruchverband Nord e.V.<\/p>\n","protected":false},"excerpt":{"rendered":"<p>Selekta wurde im Jahre 1997 gegr\u00fcndet, \u00a02003 in Selekta GmbH &amp; Co KG umfirmiert und erzielt heute ca. 2,5 Millionen Euro Umsatz pro Jahr. Mit 30 gewerblichen Mitarbeitern und \u00a05 angestellten Mitarbeitern f\u00fchren wir&#46;&#46;&#46;<\/p>\n","protected":false},"author":1,"featured_media":0,"parent":0,"menu_order":0,"comment_status":"open","ping_status":"open","template":"","meta":[],"_links":{"self":[{"href":"https:\/\/www.selekta-abbruch.de\/selektwp\/index.php?rest_route=\/wp\/v2\/pages\/2"}],"collection":[{"href":"https:\/\/www.selekta-abbruch.de\/selektwp\/index.php?rest_route=\/wp\/v2\/pages"}],"about":[{"href":"https:\/\/www.selekta-abbruch.de\/selektwp\/index.php?rest_route=\/wp\/v2\/types\/page"}],"author":[{"embeddable":true,"href":"https:\/\/www.selekta-abbruch.de\/selektwp\/index.php?rest_route=\/wp\/v2\/users\/1"}],"replies":[{"embeddable":true,"href":"https:\/\/www.selekta-abbruch.de\/selektwp\/index.php?rest_route=%2Fwp%2Fv2%2Fcomments&post=2"}],"version-history":[{"count":14,"href":"https:\/\/www.selekta-abbruch.de\/selektwp\/index.php?rest_route=\/wp\/v2\/pages\/2\/revisions"}],"predecessor-version":[{"id":632,"href":"https:\/\/www.selekta-abbruch.de\/selektwp\/index.php?rest_route=\/wp\/v2\/pages\/2\/revisions\/632"}],"wp:attachment":[{"href":"https:\/\/www.selekta-abbruch.de\/selektwp\/index.php?rest_route=%2Fwp%2Fv2%2Fmedia&parent=2"}],"curies":[{"name":"wp","href":"https:\/\/api.w.org\/{rel}","templated":true}]}}