{"id":409,"date":"2014-08-19T09:34:16","date_gmt":"2014-08-19T07:34:16","guid":{"rendered":"http:\/\/www.selekta-abbruch.de\/selektwp\/?page_id=409"},"modified":"2020-09-17T08:49:57","modified_gmt":"2020-09-17T06:49:57","slug":"klinikum-muenchen-pasing","status":"publish","type":"page","link":"https:\/\/www.selekta-abbruch.de\/selektwp\/?page_id=409","title":{"rendered":"Finanzamt\/Alte Post Annaberg-Buchholz"},"content":{"rendered":"<h5>R\u00fcckbau und Demontagen, PAK und KMF-R\u00fcckbau<\/h5>\n<p><a href=\"http:\/\/www.selekta-abbruch.de\/selektwp\/wp-content\/uploads\/2018-10-15-FA-Annaberg.jpg\"><img loading=\"lazy\" class=\"alignnone wp-image-836 size-full\" src=\"http:\/\/www.selekta-abbruch.de\/selektwp\/wp-content\/uploads\/2018-10-15-FA-Annaberg.jpg\" alt=\"\" width=\"900\" height=\"525\" srcset=\"https:\/\/www.selekta-abbruch.de\/selektwp\/wp-content\/uploads\/2018-10-15-FA-Annaberg.jpg 900w, https:\/\/www.selekta-abbruch.de\/selektwp\/wp-content\/uploads\/2018-10-15-FA-Annaberg-300x175.jpg 300w\" sizes=\"(max-width: 900px) 100vw, 900px\" \/><\/a><\/p>\n<p>Aufgabe von Selekta sind Entkernungsleistungen &#8211; Abbruch von W\u00e4nden, Decken, Fu\u00dfb\u00f6den sowie der R\u00fcckbau der Haustechnik.<\/p>\n<p>Auftraggeber:&nbsp;SIB Chemnitz<br \/>\nBauleitung: ARGE Finanzamt Annaberg-Buchholz (AWB Architekten)<br \/>\nAuftragssumme: ca. 200.000,- \u20ac<br \/>\nBaustart: September 2018<\/p>\n","protected":false},"excerpt":{"rendered":"<p>R\u00fcckbau und Demontagen, PAK und KMF-R\u00fcckbau Aufgabe von Selekta sind Entkernungsleistungen &#8211; Abbruch von W\u00e4nden, Decken, Fu\u00dfb\u00f6den sowie der R\u00fcckbau der Haustechnik. Auftraggeber:&nbsp;SIB Chemnitz Bauleitung: ARGE Finanzamt Annaberg-Buchholz (AWB Architekten) Auftragssumme: ca. 200.000,- \u20ac&#46;&#46;&#46;<\/p>\n","protected":false},"author":1,"featured_media":0,"parent":40,"menu_order":0,"comment_status":"closed","ping_status":"closed","template":"","meta":[],"_links":{"self":[{"href":"https:\/\/www.selekta-abbruch.de\/selektwp\/index.php?rest_route=\/wp\/v2\/pages\/409"}],"collection":[{"href":"https:\/\/www.selekta-abbruch.de\/selektwp\/index.php?rest_route=\/wp\/v2\/pages"}],"about":[{"href":"https:\/\/www.selekta-abbruch.de\/selektwp\/index.php?rest_route=\/wp\/v2\/types\/page"}],"author":[{"embeddable":true,"href":"https:\/\/www.selekta-abbruch.de\/selektwp\/index.php?rest_route=\/wp\/v2\/users\/1"}],"replies":[{"embeddable":true,"href":"https:\/\/www.selekta-abbruch.de\/selektwp\/index.php?rest_route=%2Fwp%2Fv2%2Fcomments&post=409"}],"version-history":[{"count":42,"href":"https:\/\/www.selekta-abbruch.de\/selektwp\/index.php?rest_route=\/wp\/v2\/pages\/409\/revisions"}],"predecessor-version":[{"id":907,"href":"https:\/\/www.selekta-abbruch.de\/selektwp\/index.php?rest_route=\/wp\/v2\/pages\/409\/revisions\/907"}],"up":[{"embeddable":true,"href":"https:\/\/www.selekta-abbruch.de\/selektwp\/index.php?rest_route=\/wp\/v2\/pages\/40"}],"wp:attachment":[{"href":"https:\/\/www.selekta-abbruch.de\/selektwp\/index.php?rest_route=%2Fwp%2Fv2%2Fmedia&parent=409"}],"curies":[{"name":"wp","href":"https:\/\/api.w.org\/{rel}","templated":true}]}}