{"id":461,"date":"2014-11-03T17:53:33","date_gmt":"2014-11-03T15:53:33","guid":{"rendered":"http:\/\/www.selekta-abbruch.de\/selektwp\/?page_id=461"},"modified":"2018-12-06T11:37:26","modified_gmt":"2018-12-06T09:37:26","slug":"ekz-nuernberg","status":"publish","type":"page","link":"https:\/\/www.selekta-abbruch.de\/selektwp\/?page_id=461","title":{"rendered":"Gymnasium Dresden-Plauen"},"content":{"rendered":"<h5>Schutz historischer Fussb\u00f6den &#8211; nicht konstruktiver Abbruch &#8211; Schadstoffr\u00fcckbau<\/h5>\n<p>Das Gymnasium Dresden Plauen ist mit fast 900 Sch\u00fclern eines der gr\u00f6\u00dften Gymnasien Dresdens.<br \/>\nDas denkmalgesch\u00fctzte 95 m langgestreckte, viergeschossige Hauptgeb\u00e4ude hat eine Bruttogrundfl\u00e4che von ca. 11.000 m\u00b2.<br \/>\nDas neobarocke Geb\u00e4ude wurde nach Entw\u00fcrfen des Geheimen Baurates Edmund Waldow von 1894 bis 1895 als k\u00f6niglich s\u00e4chsisches Lehrerseminar errichtet.<\/p>\n<p><a href=\"http:\/\/www.selekta-abbruch.de\/selektwp\/wp-content\/uploads\/2018-10-15-Plauen.jpg\"><img loading=\"lazy\" class=\"alignnone wp-image-838 size-full\" src=\"http:\/\/www.selekta-abbruch.de\/selektwp\/wp-content\/uploads\/2018-10-15-Plauen.jpg\" alt=\"\" width=\"900\" height=\"525\" srcset=\"https:\/\/www.selekta-abbruch.de\/selektwp\/wp-content\/uploads\/2018-10-15-Plauen.jpg 900w, https:\/\/www.selekta-abbruch.de\/selektwp\/wp-content\/uploads\/2018-10-15-Plauen-300x175.jpg 300w\" sizes=\"(max-width: 900px) 100vw, 900px\" \/><\/a><\/p>\n<p>Zu unseren Aufgaben geh\u00f6ren umfangreiche Schutzma\u00dfnahmen der historischen Bausubstanz, \u00a0die Entkernung des Geb\u00e4udes inkl. der erforderlichen\u00a0Schadstoffsanierung (KMF, PAK).<\/p>\n<p>Beginn: August\u00a02018<\/p>\n<p>Auftraggeber: LH Dresden<br \/>\nBauleitung: Junk &amp; Reich Architekten BDA Planungsgesellschaft mbH<br \/>\nAuftragssumme: ca. 350.000,00 \u20ac<\/p>\n","protected":false},"excerpt":{"rendered":"<p>Schutz historischer Fussb\u00f6den &#8211; nicht konstruktiver Abbruch &#8211; Schadstoffr\u00fcckbau Das Gymnasium Dresden Plauen ist mit fast 900 Sch\u00fclern eines der gr\u00f6\u00dften Gymnasien Dresdens. Das denkmalgesch\u00fctzte 95 m langgestreckte, viergeschossige Hauptgeb\u00e4ude hat eine Bruttogrundfl\u00e4che von&#46;&#46;&#46;<\/p>\n","protected":false},"author":1,"featured_media":0,"parent":40,"menu_order":0,"comment_status":"closed","ping_status":"closed","template":"","meta":[],"_links":{"self":[{"href":"https:\/\/www.selekta-abbruch.de\/selektwp\/index.php?rest_route=\/wp\/v2\/pages\/461"}],"collection":[{"href":"https:\/\/www.selekta-abbruch.de\/selektwp\/index.php?rest_route=\/wp\/v2\/pages"}],"about":[{"href":"https:\/\/www.selekta-abbruch.de\/selektwp\/index.php?rest_route=\/wp\/v2\/types\/page"}],"author":[{"embeddable":true,"href":"https:\/\/www.selekta-abbruch.de\/selektwp\/index.php?rest_route=\/wp\/v2\/users\/1"}],"replies":[{"embeddable":true,"href":"https:\/\/www.selekta-abbruch.de\/selektwp\/index.php?rest_route=%2Fwp%2Fv2%2Fcomments&post=461"}],"version-history":[{"count":28,"href":"https:\/\/www.selekta-abbruch.de\/selektwp\/index.php?rest_route=\/wp\/v2\/pages\/461\/revisions"}],"predecessor-version":[{"id":867,"href":"https:\/\/www.selekta-abbruch.de\/selektwp\/index.php?rest_route=\/wp\/v2\/pages\/461\/revisions\/867"}],"up":[{"embeddable":true,"href":"https:\/\/www.selekta-abbruch.de\/selektwp\/index.php?rest_route=\/wp\/v2\/pages\/40"}],"wp:attachment":[{"href":"https:\/\/www.selekta-abbruch.de\/selektwp\/index.php?rest_route=%2Fwp%2Fv2%2Fmedia&parent=461"}],"curies":[{"name":"wp","href":"https:\/\/api.w.org\/{rel}","templated":true}]}}