{"id":475,"date":"2015-11-17T09:49:08","date_gmt":"2015-11-17T07:49:08","guid":{"rendered":"http:\/\/www.selekta-abbruch.de\/selektwp\/?page_id=475"},"modified":"2018-10-24T22:03:15","modified_gmt":"2018-10-24T20:03:15","slug":"realschule-coburg","status":"publish","type":"page","link":"https:\/\/www.selekta-abbruch.de\/selektwp\/?page_id=475","title":{"rendered":"Polizeirevier\/ Amtsgericht Freiberg"},"content":{"rendered":"<h5>Baustelleneinrichtung, Schutzma\u00dfnahmen, Entkernung, Demontagen<\/h5>\n<p>Das in den Jahren 1875 bis 1876 erbaute Gerichtsgeb\u00e4ude befindet sich im Stadtzentrum. im Zentrum der Stadt.<br \/>\nSchwerpunkt unserer Arbeiten sind umfangreiche Schutzma\u00dfnahmen der historischen Bausubstanz und Entkernungleistungen.<\/p>\n<p>Beginn: M\u00e4rz 2018. Auftragswert: ca. 200.000,00 \u20ac<\/p>\n<p><a href=\"http:\/\/www.selekta-abbruch.de\/selektwp\/wp-content\/uploads\/AGFB.jpg\"><img loading=\"lazy\" class=\"alignnone wp-image-840 size-full\" src=\"http:\/\/www.selekta-abbruch.de\/selektwp\/wp-content\/uploads\/AGFB.jpg\" alt=\"\" width=\"900\" height=\"525\" srcset=\"https:\/\/www.selekta-abbruch.de\/selektwp\/wp-content\/uploads\/AGFB.jpg 900w, https:\/\/www.selekta-abbruch.de\/selektwp\/wp-content\/uploads\/AGFB-300x175.jpg 300w\" sizes=\"(max-width: 900px) 100vw, 900px\" \/><\/a><\/p>\n","protected":false},"excerpt":{"rendered":"<p>Baustelleneinrichtung, Schutzma\u00dfnahmen, Entkernung, Demontagen Das in den Jahren 1875 bis 1876 erbaute Gerichtsgeb\u00e4ude befindet sich im Stadtzentrum. im Zentrum der Stadt. Schwerpunkt unserer Arbeiten sind umfangreiche Schutzma\u00dfnahmen der historischen Bausubstanz und Entkernungleistungen. Beginn: M\u00e4rz&#46;&#46;&#46;<\/p>\n","protected":false},"author":1,"featured_media":0,"parent":40,"menu_order":0,"comment_status":"closed","ping_status":"closed","template":"","meta":[],"_links":{"self":[{"href":"https:\/\/www.selekta-abbruch.de\/selektwp\/index.php?rest_route=\/wp\/v2\/pages\/475"}],"collection":[{"href":"https:\/\/www.selekta-abbruch.de\/selektwp\/index.php?rest_route=\/wp\/v2\/pages"}],"about":[{"href":"https:\/\/www.selekta-abbruch.de\/selektwp\/index.php?rest_route=\/wp\/v2\/types\/page"}],"author":[{"embeddable":true,"href":"https:\/\/www.selekta-abbruch.de\/selektwp\/index.php?rest_route=\/wp\/v2\/users\/1"}],"replies":[{"embeddable":true,"href":"https:\/\/www.selekta-abbruch.de\/selektwp\/index.php?rest_route=%2Fwp%2Fv2%2Fcomments&post=475"}],"version-history":[{"count":61,"href":"https:\/\/www.selekta-abbruch.de\/selektwp\/index.php?rest_route=\/wp\/v2\/pages\/475\/revisions"}],"predecessor-version":[{"id":842,"href":"https:\/\/www.selekta-abbruch.de\/selektwp\/index.php?rest_route=\/wp\/v2\/pages\/475\/revisions\/842"}],"up":[{"embeddable":true,"href":"https:\/\/www.selekta-abbruch.de\/selektwp\/index.php?rest_route=\/wp\/v2\/pages\/40"}],"wp:attachment":[{"href":"https:\/\/www.selekta-abbruch.de\/selektwp\/index.php?rest_route=%2Fwp%2Fv2%2Fmedia&parent=475"}],"curies":[{"name":"wp","href":"https:\/\/api.w.org\/{rel}","templated":true}]}}