{"id":854,"date":"2018-10-28T13:31:22","date_gmt":"2018-10-28T11:31:22","guid":{"rendered":"http:\/\/www.selekta-abbruch.de\/selektwp\/?page_id=854"},"modified":"2020-09-20T14:42:10","modified_gmt":"2020-09-20T12:42:10","slug":"wir-stellen-ein","status":"publish","type":"page","link":"https:\/\/www.selekta-abbruch.de\/selektwp\/?page_id=854","title":{"rendered":"WIR STELLEN EIN"},"content":{"rendered":"\n<h4 class=\"has-background\" style=\"background-color:#fbdc40\"><strong>BAULEITER Abbruch\/ Schadstoffsanierung<\/strong><\/h4>\n\n\n\n<h5 class=\"has-text-color\" style=\"color:#017e05\"><strong>Ihre Aufgaben<\/strong><\/h5>\n\n\n\n<ul><li>Baustellenleitung f\u00fcr Entkernungsma\u00dfnahmen sowie Schadstoffsanierung<\/li><li>Verantwortung f\u00fcr Arbeits- und Baustellensicherheit<\/li><li>Sicherstellung der Einhaltung von Termin-, Qualit\u00e4ts-, und Kostenvorgaben<\/li><li>Erkennen und Vorbereiten von Nachtr\u00e4gen<\/li><li>Kontrolle von Aufma\u00dfen und Erstellen von Abrechnungen<\/li><li>Kompetenter Ansprechpartner f\u00fcr den Auftraggeber<\/li><li>F\u00fchrung und Steuerung von Nachunternehmern<\/li><li>Laufende \u00dcberwachung der Baustelle und Bauabl\u00e4ufe<\/li><\/ul>\n\n\n\n<h5 class=\"has-text-color\" style=\"color:#017e05\"><strong>Ihr Profil<\/strong><\/h5>\n\n\n\n<ul><li>Abschluss Bautechniker, Bauingenieur oder mehrj\u00e4hrige Berufserfahrung im Baugewerbe, bzw. im Abbruch und Schadstoffsanierung<\/li><li>Strukturierte, team- und ergebnisorientierte Arbeitsweise<\/li><li>Reisebereitschaft (bundesweit, FS Klasse B)<\/li><li>Verhandlungssichere Deutschkenntnisse<\/li><li>Hohes Verantwortungsbewusstsein und Durchsetzungsverm\u00f6gen<\/li><li>Kommunikation und Teamf\u00e4higkeit<\/li><li>Fundierte MS Office Kenntnisse<\/li><\/ul>\n\n\n\n<h4 class=\"has-background\" style=\"background-color:#fbdc40\"><strong>VORARBEITER Abbruch\/ Schadstoffsanierung<\/strong><\/h4>\n\n\n\n<h5 class=\"has-text-color\" style=\"color:#017e05\"><strong>Ihre Aufgaben<\/strong><\/h5>\n\n\n\n<ul><li>Zusammen mit dem Bauleiter verantwortlich f\u00fcr den Baustellenbetrieb bei Entkernungsma\u00dfnahmen und Schadstoffsanierung<\/li><li>Verantwortung f\u00fcr Arbeits- und Baustellensicherheit<\/li><li>Koordination von Nachunternehmen<\/li><li>Erstellen von Aufma\u00dfen, F\u00fchrung des Bautagebuches<\/li><li>Planung des Ger\u00e4te- und Maschineneinsatzes auf der Baustelle<\/li><li>Ansprechpartner f\u00fcr den Auftraggeber<\/li><\/ul>\n\n\n\n<h5 class=\"has-text-color\" style=\"color:#017e05\"><strong>Ihr Profil<\/strong><\/h5>\n\n\n\n<ul><li>Berufserfahrung im Baugewerbe, bzw. im Abbruch und Schadstoffsanierung (auch Quereinsteiger, Weiterbildungsm\u00f6glichkeiten)<\/li><li>Team- und ergebnisorientierte Arbeitsweise<\/li><li>Reisebereitschaft (bundesweit, FS Klasse B)<\/li><li>Verantwortungsbewusstsein, Durchsetzungsverm\u00f6gen<\/li><li>Grundkenntnisse MS Office (w\u00fcnschenswert)<\/li><\/ul>\n\n\n\n<h4 class=\"has-background\" style=\"background-color:#fbdc40\"><strong>HELFER Abbruch\/ Schadstoffsanierung<\/strong><\/h4>\n\n\n\n<h5 class=\"has-text-color\" style=\"color:#017e05\">Ihre Aufgaben<\/h5>\n\n\n\n<ul><li>Entkernungsarbeiten sowie Arbeiten in der Schadstoffsanierung nach Anweisung (z.T. mit Schutzanzug und Atemschutzmaske)<\/li><li>Arbeiten mit Hand und handgef\u00fchrten Kleinger\u00e4ten<\/li><li>Hilfs- und Zuarbeiten, Ber\u00e4umungs- und Reinigungsarbeiten<\/li><\/ul>\n\n\n\n<h5 class=\"has-text-color\" style=\"color:#017e05\">Ihr Profil<\/h5>\n\n\n\n<ul><li>Selbstst\u00e4ndiges Arbeiten<\/li><li>Erfahrung im Umgang mit Kleinger\u00e4ten (w\u00fcnschenswert)<\/li><li>Reisebereitschaft, Montaget\u00e4tigkeit (bundesweiter Einsatz)<\/li><li>F\u00fchrerschein Klasse B (w\u00fcnschenswert)<\/li><li>zuverl\u00e4ssig und flexibel<\/li><\/ul>\n\n\n\n<p class=\"has-background\" style=\"background-color:#fbdc40\"><strong>Wir freuen uns auf Ihre Bewerbung (gerne auch per E-Mail).<\/strong><br>Innerhalb weniger Tage erhalten Sie eine R\u00fcckmeldung.<br><br><strong>Selekta GmbH &amp; Co.KG<\/strong><br>Abbruch+Entkernung<br>Dorfstra\u00dfe 9 \u2022 03238 R\u00fcckersdorf \u2022 Tel.: 035325 17640<br>info(at)selekta.de<strong> <\/strong><\/p>\n\n\n<p>\u00a0<\/p>\n<p>\u00a0<\/p>\n<p>\u00a0<\/p>","protected":false},"excerpt":{"rendered":"<p>BAULEITER Abbruch\/ Schadstoffsanierung Ihre Aufgaben Baustellenleitung f\u00fcr Entkernungsma\u00dfnahmen sowie Schadstoffsanierung Verantwortung f\u00fcr Arbeits- und Baustellensicherheit Sicherstellung der Einhaltung von Termin-, Qualit\u00e4ts-, und Kostenvorgaben Erkennen und Vorbereiten von Nachtr\u00e4gen Kontrolle von Aufma\u00dfen und Erstellen von&#46;&#46;&#46;<\/p>\n","protected":false},"author":2,"featured_media":0,"parent":0,"menu_order":0,"comment_status":"closed","ping_status":"closed","template":"","meta":[],"_links":{"self":[{"href":"https:\/\/www.selekta-abbruch.de\/selektwp\/index.php?rest_route=\/wp\/v2\/pages\/854"}],"collection":[{"href":"https:\/\/www.selekta-abbruch.de\/selektwp\/index.php?rest_route=\/wp\/v2\/pages"}],"about":[{"href":"https:\/\/www.selekta-abbruch.de\/selektwp\/index.php?rest_route=\/wp\/v2\/types\/page"}],"author":[{"embeddable":true,"href":"https:\/\/www.selekta-abbruch.de\/selektwp\/index.php?rest_route=\/wp\/v2\/users\/2"}],"replies":[{"embeddable":true,"href":"https:\/\/www.selekta-abbruch.de\/selektwp\/index.php?rest_route=%2Fwp%2Fv2%2Fcomments&post=854"}],"version-history":[{"count":8,"href":"https:\/\/www.selekta-abbruch.de\/selektwp\/index.php?rest_route=\/wp\/v2\/pages\/854\/revisions"}],"predecessor-version":[{"id":920,"href":"https:\/\/www.selekta-abbruch.de\/selektwp\/index.php?rest_route=\/wp\/v2\/pages\/854\/revisions\/920"}],"wp:attachment":[{"href":"https:\/\/www.selekta-abbruch.de\/selektwp\/index.php?rest_route=%2Fwp%2Fv2%2Fmedia&parent=854"}],"curies":[{"name":"wp","href":"https:\/\/api.w.org\/{rel}","templated":true}]}}